{"id":3685,"date":"2025-09-10T13:10:40","date_gmt":"2025-09-10T11:10:40","guid":{"rendered":"https:\/\/osrodek-hr.com\/?page_id=3685"},"modified":"2025-09-10T14:07:54","modified_gmt":"2025-09-10T12:07:54","slug":"rodo","status":"publish","type":"page","link":"https:\/\/osrodek-hr.com\/ua\/rodo\/","title":{"rendered":"RODO"},"content":{"rendered":"<div data-elementor-type=\"wp-page\" data-elementor-id=\"3685\" class=\"elementor elementor-3685\" data-elementor-post-type=\"page\">\n\t\t\t\t\t\t<section class=\"elementor-section elementor-top-section elementor-element elementor-element-23dab17 elementor-section-boxed elementor-section-height-default elementor-section-height-default\" data-id=\"23dab17\" data-element_type=\"section\" data-e-type=\"section\">\n\t\t\t\t\t\t<div class=\"elementor-container elementor-column-gap-default\">\n\t\t\t\t\t<div class=\"elementor-column elementor-col-100 elementor-top-column elementor-element elementor-element-eb050c8\" data-id=\"eb050c8\" data-element_type=\"column\" data-e-type=\"column\">\n\t\t\t<div class=\"elementor-widget-wrap elementor-element-populated\">\n\t\t\t\t\t\t<div class=\"elementor-element elementor-element-40b01da elementor-widget elementor-widget-text-editor\" data-id=\"40b01da\" data-element_type=\"widget\" data-e-type=\"widget\" data-widget_type=\"text-editor.default\">\n\t\t\t\t<div class=\"elementor-widget-container\">\n\t\t\t\t\t\t\t\t\t<p>\u0412\u0456\u0434\u043f\u043e\u0432\u0456\u0434\u043d\u043e \u0434\u043e \u0441\u0442\u0430\u0442\u0442\u0456 13 \u0447\u0430\u0441\u0442\u0438\u043d 1 \u0456 2 GDPR \u043f\u043e\u0432\u0456\u0434\u043e\u043c\u043b\u044f\u044e, \u0449\u043e:<\/p><ol><li>\u0410\u0434\u043c\u0456\u043d\u0456\u0441\u0442\u0440\u0430\u0442\u043e\u0440\u043e\u043c \u0412\u0430\u0448\u0438\u0445 \u043f\u0435\u0440\u0441\u043e\u043d\u0430\u043b\u044c\u043d\u0438\u0445 \u0434\u0430\u043d\u0438\u0445 \u0454 \u0426\u0435\u043d\u0442\u0440 HR \u0442\u0430 \u043b\u0456\u043d\u0433\u0432\u0456\u0441\u0442\u0438\u0447\u043d\u0438\u0445 \u043f\u043e\u0441\u043b\u0443\u0433 \u0420\u0438\u0448\u0430\u0440\u0434 \u0421\u043e\u0431\u0435\u0445\u043e\u0432\u0441\u044c\u043a\u0456 (O\u015brodek HR i Us\u0142ug Lingwistycznych Ryszard Sobiechowski), \u0432\u0443\u043b. \u0414\u0432\u043e\u0440\u0446\u043e\u0432\u0430 81, 85-009 \u0411\u0438\u0434\u0433\u043e\u0449, \u041f\u043e\u043b\u044c\u0449\u0430;<\/li><li>\u0410\u0434\u043c\u0456\u043d\u0456\u0441\u0442\u0440\u0430\u0442\u043e\u0440 \u043d\u0435 \u043f\u0440\u0438\u0437\u043d\u0430\u0447\u0438\u0432 \u0456\u043d\u0441\u043f\u0435\u043a\u0442\u043e\u0440\u0430 \u0437 \u043f\u0435\u0440\u0441\u043e\u043d\u0430\u043b\u044c\u043d\u0438\u0445 \u0434\u0430\u043d\u0438\u0445;<\/li><li>\u0412\u0430\u0448\u0456 \u043f\u0435\u0440\u0441\u043e\u043d\u0430\u043b\u044c\u043d\u0456 \u0434\u0430\u043d\u0456 \u0431\u0443\u0434\u0443\u0442\u044c \u043e\u0431\u0440\u043e\u0431\u043b\u044f\u0442\u0438\u0441\u044f \u0437 \u043c\u0435\u0442\u043e\u044e, \u043f\u043e\u0432\u2019\u044f\u0437\u0430\u043d\u043e\u044e \u0437 \u0432\u0438\u043a\u043e\u043d\u0430\u043d\u043d\u044f\u043c \u0434\u043e\u0433\u043e\u0432\u043e\u0440\u0443, \u0443\u043a\u043b\u0430\u0434\u0435\u043d\u043e\u0433\u043e \u0437 \u0441\u0443\u0431\u2019\u0454\u043a\u0442\u043e\u043c, \u0437\u0430\u0437\u043d\u0430\u0447\u0435\u043d\u0438\u043c \u0443 \u043f. 1, \u0430 \u0442\u0430\u043a\u043e\u0436 \u0443 \u043f\u0440\u043e\u0446\u0435\u0441\u0456 \u0440\u0435\u043a\u0440\u0443\u0442\u0438\u043d\u0433\u0443 \u0434\u043b\u044f \u043f\u0440\u0430\u0446\u0435\u0432\u043b\u0430\u0448\u0442\u0443\u0432\u0430\u043d\u043d\u044f \u0443 \u0412\u0435\u043b\u0438\u043a\u0456\u0439 \u0411\u0440\u0438\u0442\u0430\u043d\u0456\u0457, \u043d\u0430 \u043f\u0456\u0434\u0441\u0442\u0430\u0432\u0456 \u043f\u043e\u043b\u043e\u0436\u0435\u043d\u044c \u0446\u0438\u0432\u0456\u043b\u044c\u043d\u043e\u0433\u043e \u043a\u043e\u0434\u0435\u043a\u0441\u0443 \u0442\u0430 \u0437\u0430\u043a\u043e\u043d\u0456\u0432 \u0404\u0432\u0440\u043e\u043f\u0435\u0439\u0441\u044c\u043a\u043e\u0433\u043e \u0421\u043e\u044e\u0437\u0443;<\/li><li>\u041e\u0434\u0435\u0440\u0436\u0443\u0432\u0430\u0447\u0435\u043c \u0412\u0430\u0448\u0438\u0445 \u043f\u0435\u0440\u0441\u043e\u043d\u0430\u043b\u044c\u043d\u0438\u0445 \u0434\u0430\u043d\u0438\u0445 \u0431\u0443\u0434\u0435 \u0426\u0435\u043d\u0442\u0440 HR \u0442\u0430 \u043b\u0456\u043d\u0433\u0432\u0456\u0441\u0442\u0438\u0447\u043d\u0438\u0445 \u043f\u043e\u0441\u043b\u0443\u0433 \u0420\u0438\u0448\u0430\u0440\u0434 \u0421\u043e\u0431\u0435\u0445\u043e\u0432\u0441\u044c\u043a\u0456 (O\u015brodek HR i Us\u0142ug Lingwistycznych Ryszard Sobiechowski)<\/li><li>\u0412\u0430\u0448\u0456 \u043f\u0435\u0440\u0441\u043e\u043d\u0430\u043b\u044c\u043d\u0456 \u0434\u0430\u043d\u0456 \u043d\u0435 \u0431\u0443\u0434\u0443\u0442\u044c \u043f\u0435\u0440\u0435\u0434\u0430\u0432\u0430\u0442\u0438\u0441\u044f \u0434\u043e \u0442\u0440\u0435\u0442\u044c\u043e\u0457 \u043a\u0440\u0430\u0457\u043d\u0438 \u0430\u0431\u043e \u043c\u0456\u0436\u043d\u0430\u0440\u043e\u0434\u043d\u043e\u0457 \u043e\u0440\u0433\u0430\u043d\u0456\u0437\u0430\u0446\u0456\u0457;<\/li><li>\u0412\u0430\u0448\u0456 \u043f\u0435\u0440\u0441\u043e\u043d\u0430\u043b\u044c\u043d\u0456 \u0434\u0430\u043d\u0456 \u0431\u0443\u0434\u0443\u0442\u044c \u0437\u0431\u0435\u0440\u0456\u0433\u0430\u0442\u0438\u0441\u044f \u043f\u0440\u043e\u0442\u044f\u0433\u043e\u043c \u043f\u0435\u0440\u0456\u043e\u0434\u0443, \u043d\u0435\u043e\u0431\u0445\u0456\u0434\u043d\u043e\u0433\u043e \u0434\u043b\u044f \u0432\u0438\u043a\u043e\u043d\u0430\u043d\u043d\u044f \u0434\u043e\u0433\u043e\u0432\u043e\u0440\u0443, \u0430 \u0442\u0430\u043a\u043e\u0436 \u043f\u0440\u043e\u0442\u044f\u0433\u043e\u043c \u0447\u0430\u0441\u0443, \u043d\u0435\u043e\u0431\u0445\u0456\u0434\u043d\u043e\u0433\u043e \u0434\u043b\u044f \u0432\u0438\u0440\u0456\u0448\u0435\u043d\u043d\u044f \u043c\u043e\u0436\u043b\u0438\u0432\u0438\u0445 \u043f\u0440\u0435\u0442\u0435\u043d\u0437\u0456\u0439 \u0443 \u043c\u0435\u0436\u0430\u0445 \u0434\u043e\u0433\u043e\u0432\u043e\u0440\u0443;<\/li><li>\u0412\u0438 \u043c\u0430\u0454\u0442\u0435 \u043f\u0440\u0430\u0432\u043e \u043d\u0430 \u0434\u043e\u0441\u0442\u0443\u043f \u0434\u043e \u0437\u043c\u0456\u0441\u0442\u0443 \u0441\u0432\u043e\u0457\u0445 \u0434\u0430\u043d\u0438\u0445, \u043e\u0431\u043e\u0432\u2019\u044f\u0437\u043e\u043a \u0457\u0445 \u0432\u0438\u043f\u0440\u0430\u0432\u043b\u044f\u0442\u0438 \u0442\u0430 \u0434\u043e\u043f\u043e\u0432\u043d\u044e\u0432\u0430\u0442\u0438 \u0443 \u0440\u0430\u0437\u0456 \u0437\u043c\u0456\u043d, \u0430 \u0442\u0430\u043a\u043e\u0436 \u043f\u0440\u0430\u0432\u043e \u0457\u0445 \u0441\u043f\u0440\u043e\u0441\u0442\u043e\u0432\u0443\u0432\u0430\u0442\u0438 \u0442\u0430 \u043f\u0440\u0430\u0432\u043e \u043d\u0430 \u0437\u0430\u043f\u0435\u0440\u0435\u0447\u0435\u043d\u043d\u044f; \u0443 \u0440\u0430\u0437\u0456 \u043f\u0435\u0440\u0441\u043e\u043d\u0430\u043b\u044c\u043d\u0438\u0445 \u0434\u0430\u043d\u0438\u0445, \u043f\u0435\u0440\u0435\u0434\u0430\u0447\u0430 \u044f\u043a\u0438\u0445 \u0454 \u0434\u043e\u0431\u0440\u043e\u0432\u0456\u043b\u044c\u043d\u043e\u044e \u2014 \u043f\u0440\u0430\u0432\u043e \u043d\u0430 \u0457\u0445 \u0432\u0438\u0434\u0430\u043b\u0435\u043d\u043d\u044f, \u043e\u0431\u043c\u0435\u0436\u0435\u043d\u043d\u044f \u043e\u0431\u0440\u043e\u0431\u043a\u0438 \u0442\u0430 \u043f\u0435\u0440\u0435\u043d\u0435\u0441\u0435\u043d\u043d\u044f, \u0430 \u0442\u0430\u043a\u043e\u0436 \u043f\u0440\u0430\u0432\u043e \u043d\u0430 \u0432\u0456\u0434\u043a\u043b\u0438\u043a\u0430\u043d\u043d\u044f \u0437\u0433\u043e\u0434\u0438 \u043d\u0430 \u0457\u0445 \u043e\u0431\u0440\u043e\u0431\u043a\u0443, \u044f\u043a\u0435 \u043c\u0430\u0454 \u0431\u0443\u0442\u0438 \u0432\u0438\u0440\u0430\u0436\u0435\u043d\u0435 \u0443 \u043f\u0438\u0441\u044c\u043c\u043e\u0432\u0456\u0439 \u0430\u0431\u043e \u0435\u043b\u0435\u043a\u0442\u0440\u043e\u043d\u043d\u0456\u0439 \u0444\u043e\u0440\u043c\u0456 \u0442\u0430 \u0437\u0430\u0431\u0435\u0437\u043f\u0435\u0447\u0435\u043d\u0435 \u043a\u0432\u0430\u043b\u0456\u0444\u0456\u043a\u043e\u0432\u0430\u043d\u0438\u043c \u043f\u0456\u0434\u043f\u0438\u0441\u043e\u043c;<\/li><li>\u0412\u0438 \u043c\u0430\u0454\u0442\u0435 \u043f\u0440\u0430\u0432\u043e \u043f\u043e\u0434\u0430\u0442\u0438 \u0441\u043a\u0430\u0440\u0433\u0443 \u043d\u0430 \u0456\u043c\u2019\u044f \u0433\u043e\u043b\u043e\u0432\u0438 \u0423\u043f\u0440\u0430\u0432\u043b\u0456\u043d\u043d\u044f \u0437\u0430\u0445\u0438\u0441\u0442\u0443 \u043f\u0435\u0440\u0441\u043e\u043d\u0430\u043b\u044c\u043d\u0438\u0445 \u0434\u0430\u043d\u0438\u0445, \u044f\u043a\u0449\u043e \u0432\u0432\u0430\u0436\u0430\u0442\u0438\u043c\u0435\u0442\u0435, \u0449\u043e \u043e\u0431\u0440\u043e\u0431\u043a\u0430 \u0412\u0430\u0448\u0438\u0445 \u043f\u0435\u0440\u0441\u043e\u043d\u0430\u043b\u044c\u043d\u0438\u0445 \u0434\u0430\u043d\u0438\u0445 \u043f\u043e\u0440\u0443\u0448\u0443\u0454 \u043f\u043e\u043b\u043e\u0436\u0435\u043d\u043d\u044f GDPR \u0442\u0430 \u0456\u043d\u0448\u0456 \u0437\u0430\u043a\u043e\u043d\u0438 \u043f\u0440\u043e \u0437\u0430\u0445\u0438\u0441\u0442 \u043f\u0435\u0440\u0441\u043e\u043d\u0430\u043b\u044c\u043d\u0438\u0445 \u0434\u0430\u043d\u0438\u0445;<\/li><li>\u041d\u0430\u0434\u0430\u043d\u043d\u044f \u0412\u0430\u043c\u0438 \u043f\u0435\u0440\u0441\u043e\u043d\u0430\u043b\u044c\u043d\u0438\u0445 \u0434\u0430\u043d\u0438\u0445 \u0454 \u043d\u0435\u043e\u0431\u0445\u0456\u0434\u043d\u0438\u043c \u0434\u043b\u044f \u0443\u043a\u043b\u0430\u0434\u0435\u043d\u043d\u044f \u0434\u043e\u0433\u043e\u0432\u043e\u0440\u0443 \u0437 \u0420\u0435\u043a\u0440\u0443\u0442\u0435\u0440\u043e\u043c \u0437 \u043c\u0435\u0442\u043e\u044e \u0432\u0438\u043a\u043e\u043d\u0430\u043d\u043d\u044f \u0439\u043e\u0433\u043e \u043f\u043e\u043b\u043e\u0436\u0435\u043d\u044c;<\/li><li style=\"text-align: left;\">\u0412\u0430\u0448\u0456 \u043f\u0435\u0440\u0441\u043e\u043d\u0430\u043b\u044c\u043d\u0456 \u0434\u0430\u043d\u0456 \u043d\u0435 \u0431\u0443\u0434\u0443\u0442\u044c \u043e\u0431\u0440\u043e\u0431\u043b\u044f\u0442\u0438\u0441\u044f \u0430\u0432\u0442\u043e\u043c\u0430\u0442\u0438\u0447\u043d\u043e \u0456 \u043d\u0435 \u043f\u0456\u0434\u043b\u044f\u0433\u0430\u0442\u0438\u043c\u0443\u0442\u044c \u043f\u0440\u043e\u0444\u0456\u043b\u044e\u0432\u0430\u043d\u043d\u044e.<\/li><\/ol>\t\t\t\t\t\t\t\t<\/div>\n\t\t\t\t<\/div>\n\t\t\t\t\t<\/div>\n\t\t<\/div>\n\t\t\t\t\t<\/div>\n\t\t<\/section>\n\t\t\t\t<section class=\"elementor-section elementor-top-section elementor-element elementor-element-4b5f09d elementor-section-boxed elementor-section-height-default elementor-section-height-default\" data-id=\"4b5f09d\" data-element_type=\"section\" data-e-type=\"section\">\n\t\t\t\t\t\t<div class=\"elementor-container elementor-column-gap-default\">\n\t\t\t\t\t<div class=\"elementor-column elementor-col-100 elementor-top-column elementor-element elementor-element-51839f5\" data-id=\"51839f5\" data-element_type=\"column\" data-e-type=\"column\">\n\t\t\t<div class=\"elementor-widget-wrap elementor-element-populated\">\n\t\t\t\t\t\t<div class=\"elementor-element elementor-element-ea8f6dd elementor-widget elementor-widget-text-editor\" data-id=\"ea8f6dd\" data-element_type=\"widget\" data-e-type=\"widget\" data-widget_type=\"text-editor.default\">\n\t\t\t\t<div class=\"elementor-widget-container\">\n\t\t\t\t\t<style>.elementor-element-ea8f6dd{display:none !important}<\/style>\t\t\t\t<\/div>\n\t\t\t\t<\/div>\n\t\t\t\t\t<\/div>\n\t\t<\/div>\n\t\t\t\t\t<\/div>\n\t\t<\/section>\n\t\t\t\t<\/div>","protected":false},"excerpt":{"rendered":"<p>Zgodnie z art. 13 ust. 1 i 2 RODO informuj\u0119, i\u017c: Administratorem Pana\/ Pani danych osobowych jest O\u015brodek HR i Us\u0142ug Lingwistycznych Ryszard Sobiechowski ul. Dworcowa 81, 85-009 Bydgoszcz, Polska. Administrator nie wyznaczy\u0142 inspektora ochrony danych. Pana\/ Pani dane osobowe przetwarzane b\u0119d\u0105 w celu zwi\u0105zanym z realizacj\u0105 umowy zawartej z podmiotem okre\u015blonym w pkt. 1, [&hellip;]<\/p>\n","protected":false},"author":4,"featured_media":0,"parent":0,"menu_order":0,"comment_status":"closed","ping_status":"closed","template":"","meta":{"footnotes":""},"class_list":["post-3685","page","type-page","status-publish","hentry"],"_links":{"self":[{"href":"https:\/\/osrodek-hr.com\/ua\/wp-json\/wp\/v2\/pages\/3685","targetHints":{"allow":["GET"]}}],"collection":[{"href":"https:\/\/osrodek-hr.com\/ua\/wp-json\/wp\/v2\/pages"}],"about":[{"href":"https:\/\/osrodek-hr.com\/ua\/wp-json\/wp\/v2\/types\/page"}],"author":[{"embeddable":true,"href":"https:\/\/osrodek-hr.com\/ua\/wp-json\/wp\/v2\/users\/4"}],"replies":[{"embeddable":true,"href":"https:\/\/osrodek-hr.com\/ua\/wp-json\/wp\/v2\/comments?post=3685"}],"version-history":[{"count":0,"href":"https:\/\/osrodek-hr.com\/ua\/wp-json\/wp\/v2\/pages\/3685\/revisions"}],"wp:attachment":[{"href":"https:\/\/osrodek-hr.com\/ua\/wp-json\/wp\/v2\/media?parent=3685"}],"curies":[{"name":"wp","href":"https:\/\/api.w.org\/{rel}","templated":true}]}}