{"id":3685,"date":"2025-09-10T13:10:40","date_gmt":"2025-09-10T11:10:40","guid":{"rendered":"https:\/\/osrodek-hr.com\/?page_id=3685"},"modified":"2025-09-10T14:07:54","modified_gmt":"2025-09-10T12:07:54","slug":"rodo","status":"publish","type":"page","link":"https:\/\/osrodek-hr.com\/tr\/rodo\/","title":{"rendered":"RODO"},"content":{"rendered":"<div data-elementor-type=\"wp-page\" data-elementor-id=\"3685\" class=\"elementor elementor-3685\" data-elementor-post-type=\"page\">\n\t\t\t\t\t\t<section class=\"elementor-section elementor-top-section elementor-element elementor-element-23dab17 elementor-section-boxed elementor-section-height-default elementor-section-height-default\" data-id=\"23dab17\" data-element_type=\"section\" data-e-type=\"section\">\n\t\t\t\t\t\t<div class=\"elementor-container elementor-column-gap-default\">\n\t\t\t\t\t<div class=\"elementor-column elementor-col-100 elementor-top-column elementor-element elementor-element-eb050c8\" data-id=\"eb050c8\" data-element_type=\"column\" data-e-type=\"column\">\n\t\t\t<div class=\"elementor-widget-wrap elementor-element-populated\">\n\t\t\t\t\t\t<div class=\"elementor-element elementor-element-40b01da elementor-widget elementor-widget-text-editor\" data-id=\"40b01da\" data-element_type=\"widget\" data-e-type=\"widget\" data-widget_type=\"text-editor.default\">\n\t\t\t\t<div class=\"elementor-widget-container\">\n\t\t\t\t\t\t\t\t\t<p>GDPR Madde 13, 1 ve 2. paragraflar uyar\u0131nca, size bildiririm ki:<\/p><ol><li>Ki\u015fisel verilerinizin veri sorumlusu, Ryszard Sobiechowski \u0130nsan Kaynaklar\u0131 ve Dil Hizmetleri Merkezi\u2019dir (O\u015brodek HR i Us\u0142ug Lingwistycznych Ryszard Sobiechowski), Dvorcova Sok. 81, 85-009 Bydgoszcz, Polonya;<\/li><li>Y\u00f6netici, ki\u015fisel veri denetleyicisi atamam\u0131\u015ft\u0131r;<\/li><li>Ki\u015fisel verileriniz, Madde 1\u2019de belirtilen taraf ile yap\u0131lan s\u00f6zle\u015fmenin yerine getirilmesi ve Birle\u015fik Krall\u0131k\u2019ta i\u015fe al\u0131m s\u00fcreci ile ba\u011flant\u0131l\u0131 olarak, Medeni Kanun ve Avrupa Birli\u011fi yasalar\u0131 h\u00fck\u00fcmleri uyar\u0131nca i\u015flenecektir;<\/li><li>Ki\u015fisel verilerinizin al\u0131c\u0131s\u0131 Birle\u015fik Krall\u0131k'taki Ryszard Sobiechowski \u0130nsan Kaynaklar\u0131 ve Dil Hizmetleri Merkezi\u2019dir (O\u015brodek HR i Us\u0142ug Lingwistycznych Ryszard Sobiechowski)olacakt\u0131r;<\/li><li>Ki\u015fisel verileriniz \u00fc\u00e7\u00fcnc\u00fc bir \u00fclkeye veya uluslararas\u0131 bir kurulu\u015fa aktar\u0131lmayacakt\u0131r;<\/li><li>Ki\u015fisel verileriniz, s\u00f6zle\u015fmenin yerine getirilmesi i\u00e7in gerekli s\u00fcre boyunca ve s\u00f6zle\u015fme kapsam\u0131nda olas\u0131 taleplerin \u00e7\u00f6z\u00fcm\u00fc i\u00e7in gerekli s\u00fcre boyunca saklanacakt\u0131r;<\/li><li>Kendi verilerinizin i\u00e7eri\u011fine eri\u015fme hakk\u0131na, verileri de\u011fi\u015fiklik durumunda d\u00fczeltme ve tamamlama y\u00fck\u00fcml\u00fcl\u00fc\u011f\u00fcne, ayr\u0131ca verileri \u00e7\u00fcr\u00fctme ve itiraz etme hakk\u0131na sahipsiniz; verilerin iletimi g\u00f6n\u00fcll\u00fc ise \u2014 verilerin silinmesi, i\u015fleme ve aktar\u0131m\u0131n\u0131n s\u0131n\u0131rland\u0131r\u0131lmas\u0131 hakk\u0131na ve i\u015flenmesine verdi\u011finiz onay\u0131 yaz\u0131l\u0131 veya elektronik \u015fekilde, nitelikli imza ile geri \u00e7ekme hakk\u0131na sahipsiniz;<\/li><li>Ki\u015fisel verilerinizin i\u015flenmesinin GDPR h\u00fck\u00fcmlerini ve di\u011fer ki\u015fisel veri koruma yasalar\u0131n\u0131 ihlal etti\u011fini d\u00fc\u015f\u00fcnmeniz durumunda, Ki\u015fisel Verileri Koruma Kurumu Ba\u015fkan\u0131\u2019na \u015fikayette bulunma hakk\u0131na sahipsiniz;<\/li><li>Ki\u015fisel verilerinizi sa\u011flaman\u0131z, Rekruter ile s\u00f6zle\u015fme yapmak ve s\u00f6zle\u015fme h\u00fck\u00fcmlerini yerine getirmek i\u00e7in gereklidir;<\/li><li style=\"text-align: left;\">Ki\u015fisel verileriniz otomatik olarak i\u015flenmeyecek ve profillenmeyecektir.<\/li><\/ol>\t\t\t\t\t\t\t\t<\/div>\n\t\t\t\t<\/div>\n\t\t\t\t\t<\/div>\n\t\t<\/div>\n\t\t\t\t\t<\/div>\n\t\t<\/section>\n\t\t\t\t<section class=\"elementor-section elementor-top-section elementor-element elementor-element-4b5f09d elementor-section-boxed elementor-section-height-default elementor-section-height-default\" data-id=\"4b5f09d\" data-element_type=\"section\" data-e-type=\"section\">\n\t\t\t\t\t\t<div class=\"elementor-container elementor-column-gap-default\">\n\t\t\t\t\t<div class=\"elementor-column elementor-col-100 elementor-top-column elementor-element elementor-element-51839f5\" data-id=\"51839f5\" data-element_type=\"column\" data-e-type=\"column\">\n\t\t\t<div class=\"elementor-widget-wrap elementor-element-populated\">\n\t\t\t\t\t\t<div class=\"elementor-element elementor-element-ea8f6dd elementor-widget elementor-widget-text-editor\" data-id=\"ea8f6dd\" data-element_type=\"widget\" data-e-type=\"widget\" data-widget_type=\"text-editor.default\">\n\t\t\t\t<div class=\"elementor-widget-container\">\n\t\t\t\t\t<style>.elementor-element-ea8f6dd{display:none !important}<\/style>\t\t\t\t<\/div>\n\t\t\t\t<\/div>\n\t\t\t\t\t<\/div>\n\t\t<\/div>\n\t\t\t\t\t<\/div>\n\t\t<\/section>\n\t\t\t\t<\/div>","protected":false},"excerpt":{"rendered":"<p>Zgodnie z art. 13 ust. 1 i 2 RODO informuj\u0119, i\u017c: Administratorem Pana\/ Pani danych osobowych jest O\u015brodek HR i Us\u0142ug Lingwistycznych Ryszard Sobiechowski ul. Dworcowa 81, 85-009 Bydgoszcz, Polska. Administrator nie wyznaczy\u0142 inspektora ochrony danych. Pana\/ Pani dane osobowe przetwarzane b\u0119d\u0105 w celu zwi\u0105zanym z realizacj\u0105 umowy zawartej z podmiotem okre\u015blonym w pkt. 1, [&hellip;]<\/p>\n","protected":false},"author":4,"featured_media":0,"parent":0,"menu_order":0,"comment_status":"closed","ping_status":"closed","template":"","meta":{"footnotes":""},"class_list":["post-3685","page","type-page","status-publish","hentry"],"_links":{"self":[{"href":"https:\/\/osrodek-hr.com\/tr\/wp-json\/wp\/v2\/pages\/3685","targetHints":{"allow":["GET"]}}],"collection":[{"href":"https:\/\/osrodek-hr.com\/tr\/wp-json\/wp\/v2\/pages"}],"about":[{"href":"https:\/\/osrodek-hr.com\/tr\/wp-json\/wp\/v2\/types\/page"}],"author":[{"embeddable":true,"href":"https:\/\/osrodek-hr.com\/tr\/wp-json\/wp\/v2\/users\/4"}],"replies":[{"embeddable":true,"href":"https:\/\/osrodek-hr.com\/tr\/wp-json\/wp\/v2\/comments?post=3685"}],"version-history":[{"count":0,"href":"https:\/\/osrodek-hr.com\/tr\/wp-json\/wp\/v2\/pages\/3685\/revisions"}],"wp:attachment":[{"href":"https:\/\/osrodek-hr.com\/tr\/wp-json\/wp\/v2\/media?parent=3685"}],"curies":[{"name":"wp","href":"https:\/\/api.w.org\/{rel}","templated":true}]}}