{"id":2259,"date":"2024-01-12T21:29:31","date_gmt":"2024-01-12T20:29:31","guid":{"rendered":"https:\/\/osrodek-hr.com\/?page_id=2259"},"modified":"2024-10-04T16:33:57","modified_gmt":"2024-10-04T14:33:57","slug":"regulamin","status":"publish","type":"page","link":"https:\/\/osrodek-hr.com\/tr\/regulamin\/","title":{"rendered":"Regulamin"},"content":{"rendered":"<div data-elementor-type=\"wp-page\" data-elementor-id=\"2259\" class=\"elementor elementor-2259\" data-elementor-post-type=\"page\">\n\t\t\t\t\t\t<section class=\"elementor-section elementor-top-section elementor-element elementor-element-c3b79c2 elementor-section-height-min-height elementor-section-items-bottom elementor-section-boxed elementor-section-height-default\" data-id=\"c3b79c2\" data-element_type=\"section\" data-e-type=\"section\" data-settings=\"{&quot;background_background&quot;:&quot;classic&quot;}\">\n\t\t\t\t\t\t<div class=\"elementor-container elementor-column-gap-default\">\n\t\t\t\t\t<div class=\"elementor-column elementor-col-100 elementor-top-column elementor-element elementor-element-94eb00a\" data-id=\"94eb00a\" data-element_type=\"column\" data-e-type=\"column\">\n\t\t\t<div class=\"elementor-widget-wrap elementor-element-populated\">\n\t\t\t\t\t\t<div class=\"elementor-element elementor-element-01e906a animated-slow elementor-widget__width-auto elementor-invisible elementor-widget elementor-widget-heading\" data-id=\"01e906a\" data-element_type=\"widget\" data-e-type=\"widget\" data-settings=\"{&quot;_animation&quot;:&quot;fadeIn&quot;}\" data-widget_type=\"heading.default\">\n\t\t\t\t<div class=\"elementor-widget-container\">\n\t\t\t\t\t<h1 class=\"elementor-heading-title elementor-size-default\">Regulamin \u015bwiadczenia us\u0142ug serwisu <br> \no\u015brodek-hr.com<\/h1>\t\t\t\t<\/div>\n\t\t\t\t<\/div>\n\t\t\t\t<div class=\"elementor-element elementor-element-675d25e elementor-widget elementor-widget-shortcode\" data-id=\"675d25e\" data-element_type=\"widget\" data-e-type=\"widget\" data-widget_type=\"shortcode.default\">\n\t\t\t\t<div class=\"elementor-widget-container\">\n\t\t\t\t\t\t\t<div class=\"elementor-shortcode\"><nav aria-label=\"breadcrumbs\" class=\"rank-math-breadcrumb\"><p><span class=\"last\">ba\u015fla<\/span><\/p><\/nav><\/div>\n\t\t\t\t\t\t<\/div>\n\t\t\t\t<\/div>\n\t\t\t\t\t<\/div>\n\t\t<\/div>\n\t\t\t\t\t<\/div>\n\t\t<\/section>\n\t\t\t\t<section class=\"elementor-section elementor-top-section elementor-element elementor-element-96021dd elementor-section-boxed elementor-section-height-default elementor-section-height-default\" data-id=\"96021dd\" data-element_type=\"section\" data-e-type=\"section\">\n\t\t\t\t\t\t<div class=\"elementor-container elementor-column-gap-default\">\n\t\t\t\t\t<div class=\"elementor-column elementor-col-100 elementor-top-column elementor-element elementor-element-797365e\" data-id=\"797365e\" data-element_type=\"column\" data-e-type=\"column\">\n\t\t\t<div class=\"elementor-widget-wrap elementor-element-populated\">\n\t\t\t\t\t\t<div class=\"elementor-element elementor-element-6936bd0 elementor-widget elementor-widget-text-editor\" data-id=\"6936bd0\" data-element_type=\"widget\" data-e-type=\"widget\" data-widget_type=\"text-editor.default\">\n\t\t\t\t<div class=\"elementor-widget-container\">\n\t\t\t\t\t\t\t\t\t<p><strong>\u00a71 Warunki og\u00f3lne<\/strong><\/p><p>Internetowy serwis https:\/\/osrodek-hr.com (\u201eUs\u0142ugodawca\u201d) prowadzony jest przez firm\u0119 O\u015aRODEK HR i Us\u0142ug Lingwistycznych RYSZARD SOBIECHOWSKI, ul. Dworcowa 81, I pi\u0119tro, 85-009 Bydgoszcz, numer NIP 5541018209, numer REGON 091224786.<br \/>Us\u0142ugobiorc\u0105 jest ka\u017cda osoba fizyczna, kt\u00f3ra korzysta z Serwisu w spos\u00f3b zgodny z postanowieniami niniejszego regulaminu w celu i w zakresie w nim wskazanych (\u201eUs\u0142ugobiorca\u201d).<\/p><p><strong>\u00a72 Us\u0142ugi i P\u0142atno\u015bci<\/strong><\/p><p>Us\u0142ugobiorca podpisuje z us\u0142ugodawc\u0105 indywidualn\u0105 umow\u0119, w kt\u00f3rej zawarte s\u0105 ustalenia dotycz\u0105ce p\u0142atno\u015bci oraz mo\u017cliwo\u015bci odst\u0105pienia od umowy.<br \/>Us\u0142ugobiorca p\u0142aci za zam\u00f3wion\u0105 us\u0142ug\u0119 na wskazane konto bankowe lub za pomoc\u0105 przes\u0142anego linka do p\u0142atno\u015bci.<br \/>Mo\u017ce wybra\u0107 nast\u0119puj\u0105ce formy p\u0142atno\u015bci: P\u0142atno\u015bci BLIK, karta p\u0142atnicza, przelew elektroniczny poprzez zewn\u0119trzny system p\u0142atno\u015bci imoje, obs\u0142ugiwany przez firm\u0119 ING Bank \u015al\u0105ski S.A. z siedzib\u0105 w Katowicach.<\/p><p><strong>\u00a73 Przetwarzanie danych osobowych<\/strong><\/p><p>Warunki przetwarzania przez Us\u0142ugodawc\u0119 danych osobowych Us\u0142ugobiorcy i zasady korzystania z plik\u00f3w cookies okre\u015bla polityka prywatno\u015bci dost\u0119pna pod adresem <a href=\"https:\/\/osrodek-hr.com\/tr\/polityka-prywatnosci\/.\/\">https:\/\/osrodek-hr.com\/polityka-prywatnosci\/.<\/a><\/p><p><strong>\u00a74 Post\u0119powanie reklamacyjne<\/strong><\/p><p>Wszelkie reklamacje dotycz\u0105ce korzystania serwisu nale\u017cy zg\u0142asza\u0107 na adres Us\u0142ugodawcy \u2013\u00a0info@osrodek-hr.com.<br \/>Reklamacja powinna zawiera\u0107: oznaczenie Us\u0142ugobiorcy, wskazanie i uzasadnienie nieprawid\u0142owo\u015bci b\u0119d\u0105cych podstaw\u0105 reklamacji, wskazanie zakresu \u017c\u0105dania Us\u0142ugobiorcy.<br \/>Rozpatrzenie reklamacji i odpowied\u017a nast\u0119puje w ci\u0105gu 14 dni od momentu poprawnego zg\u0142oszenia reklamacji przez Us\u0142ugobiorc\u0119.<\/p><p><strong>\u00a75 Przepisy ko\u0144cowe<\/strong><\/p><p>Regulamin wchodzi w \u017cycie od dnia 11.01.2024 r.<br \/>Us\u0142ugodawca mo\u017ce zmieni\u0107 Regulamin w ka\u017cdym czasie.<br \/>Regulamin publikowany jest ka\u017cdorazowo na stronie\u00a0<a href=\"https:\/\/osrodek-hr.com\/tr\/regulamin\/\">https:\/\/osrodek-hr.com\/regulamin.<\/a><\/p>\t\t\t\t\t\t\t\t<\/div>\n\t\t\t\t<\/div>\n\t\t\t\t\t<\/div>\n\t\t<\/div>\n\t\t\t\t\t<\/div>\n\t\t<\/section>\n\t\t\t\t<\/div>","protected":false},"excerpt":{"rendered":"<p>Regulamin \u015bwiadczenia us\u0142ug serwisu o\u015brodek-hr.com \u00a71 Warunki og\u00f3lne Internetowy serwis https:\/\/osrodek-hr.com (\u201eUs\u0142ugodawca\u201d) prowadzony jest przez firm\u0119 O\u015aRODEK HR i Us\u0142ug Lingwistycznych RYSZARD SOBIECHOWSKI, ul. Dworcowa 81, I pi\u0119tro, 85-009 Bydgoszcz, numer NIP 5541018209, numer REGON 091224786.Us\u0142ugobiorc\u0105 jest ka\u017cda osoba fizyczna, kt\u00f3ra korzysta z Serwisu w spos\u00f3b zgodny z postanowieniami niniejszego regulaminu w celu i w [&hellip;]<\/p>\n","protected":false},"author":1,"featured_media":0,"parent":0,"menu_order":0,"comment_status":"closed","ping_status":"closed","template":"","meta":{"footnotes":""},"class_list":["post-2259","page","type-page","status-publish","hentry"],"_links":{"self":[{"href":"https:\/\/osrodek-hr.com\/tr\/wp-json\/wp\/v2\/pages\/2259","targetHints":{"allow":["GET"]}}],"collection":[{"href":"https:\/\/osrodek-hr.com\/tr\/wp-json\/wp\/v2\/pages"}],"about":[{"href":"https:\/\/osrodek-hr.com\/tr\/wp-json\/wp\/v2\/types\/page"}],"author":[{"embeddable":true,"href":"https:\/\/osrodek-hr.com\/tr\/wp-json\/wp\/v2\/users\/1"}],"replies":[{"embeddable":true,"href":"https:\/\/osrodek-hr.com\/tr\/wp-json\/wp\/v2\/comments?post=2259"}],"version-history":[{"count":0,"href":"https:\/\/osrodek-hr.com\/tr\/wp-json\/wp\/v2\/pages\/2259\/revisions"}],"wp:attachment":[{"href":"https:\/\/osrodek-hr.com\/tr\/wp-json\/wp\/v2\/media?parent=2259"}],"curies":[{"name":"wp","href":"https:\/\/api.w.org\/{rel}","templated":true}]}}