{"id":3685,"date":"2025-09-10T13:10:40","date_gmt":"2025-09-10T11:10:40","guid":{"rendered":"https:\/\/osrodek-hr.com\/?page_id=3685"},"modified":"2025-09-10T14:07:54","modified_gmt":"2025-09-10T12:07:54","slug":"rodo","status":"publish","type":"page","link":"https:\/\/osrodek-hr.com\/ro\/rodo\/","title":{"rendered":"RODO"},"content":{"rendered":"<div data-elementor-type=\"wp-page\" data-elementor-id=\"3685\" class=\"elementor elementor-3685\" data-elementor-post-type=\"page\">\n\t\t\t\t\t\t<section class=\"elementor-section elementor-top-section elementor-element elementor-element-23dab17 elementor-section-boxed elementor-section-height-default elementor-section-height-default\" data-id=\"23dab17\" data-element_type=\"section\" data-e-type=\"section\">\n\t\t\t\t\t\t<div class=\"elementor-container elementor-column-gap-default\">\n\t\t\t\t\t<div class=\"elementor-column elementor-col-100 elementor-top-column elementor-element elementor-element-eb050c8\" data-id=\"eb050c8\" data-element_type=\"column\" data-e-type=\"column\">\n\t\t\t<div class=\"elementor-widget-wrap elementor-element-populated\">\n\t\t\t\t\t\t<div class=\"elementor-element elementor-element-40b01da elementor-widget elementor-widget-text-editor\" data-id=\"40b01da\" data-element_type=\"widget\" data-e-type=\"widget\" data-widget_type=\"text-editor.default\">\n\t\t\t\t<div class=\"elementor-widget-container\">\n\t\t\t\t\t\t\t\t\t<p>\u00cen conformitate cu articolul 13 alineatele (1) \u0219i (2) din RODO, v\u0103 informez c\u0103:<\/p><ol><li>Operatorul datelor dumneavoastr\u0103 cu caracter personal este Centrul pentru Resurse\nUmane \u0219i Servicii Lingvistice Ryszard Sobiechowski ul. Dworcowa 81, 85-009\nBydgoszcz, Polonia;<\/li><li>Operatorul nu a desemnat un responsabil cu protec\u021bia datelor;<\/li><li>Datele dumneavoastr\u0103 cu caracter personal vor fi prelucrate \u00een scopul legat de executarea\ncontractului \u00eencheiat cu entitatea specificat\u0103 la punctul. 1, precum \u0219i procesul de recrutare\npentru a lucra \u00een Regatul Unit, \u00een baza prevederilor Codului civil, a reglement\u0103rilor Uniunii\nEuropene;<\/li><li>4) Destinatarul datelor dumneavoastr\u0103 cu caracter personal va fi operatorul programului de vize\nCentrul pentru Resurse\nUmane \u0219i Servicii Lingvistice Ryszard Sobiechowski.<\/li><li>Datele dumneavoastr\u0103 cu caracter personal nu vor fi transferate c\u0103tre o \u021bar\u0103 ter\u021b\u0103 sau o\norganiza\u021bie interna\u021bional\u0103;<\/li><li>Datele dumneavoastr\u0103 cu caracter personal vor fi stocate pentru perioada necesar\u0103 pentru\nexecutarea contractului, precum \u0219i pentru perioada necesar\u0103 pentru a face valabil\u0103 orice\npreten\u021bie \u00een temeiul contractului;<\/li><li>Datele dumneavoastr\u0103 cu caracter personal vor fi stocate pentru perioada necesar\u0103 pentru\nexecutarea contractului, precum \u0219i pentru perioada necesar\u0103 pentru a face valabil\u0103 orice\npreten\u021bie \u00een temeiul contractului;<\/li><li>Ave\u021bi dreptul de a depune o pl\u00e2ngere la pre\u0219edintele Oficiului pentru Protec\u021bia Datelor cu\nCaracter Personal, dac\u0103 considera\u021bi c\u0103 prelucrarea datelor dumneavoastr\u0103 cu caracter\npersonal \u00eencalc\u0103 prevederile RODO \u0219i alte dispozi\u021bii privind protec\u021bia datelor cu caracter\npersonal;<\/li><li>Furnizarea de c\u0103tre dumneavoastr\u0103 a datelor cu caracter personal este necesar\u0103 pentru\n\u00eencheierea unui contract cu Recrutorul \u00een vederea \u00eendeplinirii prevederilor acestuia;<\/li><li style=\"text-align: left;\">Datele dumneavoastr\u0103 cu caracter personal nu vor fi prelucrate \u00een mod automatizat \u0219i nu\nvor fi profilate.<\/li><\/ol>\t\t\t\t\t\t\t\t<\/div>\n\t\t\t\t<\/div>\n\t\t\t\t\t<\/div>\n\t\t<\/div>\n\t\t\t\t\t<\/div>\n\t\t<\/section>\n\t\t\t\t<section class=\"elementor-section elementor-top-section elementor-element elementor-element-4b5f09d elementor-section-boxed elementor-section-height-default elementor-section-height-default\" data-id=\"4b5f09d\" data-element_type=\"section\" data-e-type=\"section\">\n\t\t\t\t\t\t<div class=\"elementor-container elementor-column-gap-default\">\n\t\t\t\t\t<div class=\"elementor-column elementor-col-100 elementor-top-column elementor-element elementor-element-51839f5\" data-id=\"51839f5\" data-element_type=\"column\" data-e-type=\"column\">\n\t\t\t<div class=\"elementor-widget-wrap elementor-element-populated\">\n\t\t\t\t\t\t<div class=\"elementor-element elementor-element-ea8f6dd elementor-widget elementor-widget-text-editor\" data-id=\"ea8f6dd\" data-element_type=\"widget\" data-e-type=\"widget\" data-widget_type=\"text-editor.default\">\n\t\t\t\t<div class=\"elementor-widget-container\">\n\t\t\t\t\t<style>.elementor-element-ea8f6dd{display:none !important}<\/style>\t\t\t\t<\/div>\n\t\t\t\t<\/div>\n\t\t\t\t\t<\/div>\n\t\t<\/div>\n\t\t\t\t\t<\/div>\n\t\t<\/section>\n\t\t\t\t<\/div>","protected":false},"excerpt":{"rendered":"<p>Zgodnie z art. 13 ust. 1 i 2 RODO informuj\u0119, i\u017c: Administratorem Pana\/ Pani danych osobowych jest O\u015brodek HR i Us\u0142ug Lingwistycznych Ryszard Sobiechowski ul. Dworcowa 81, 85-009 Bydgoszcz, Polska. Administrator nie wyznaczy\u0142 inspektora ochrony danych. Pana\/ Pani dane osobowe przetwarzane b\u0119d\u0105 w celu zwi\u0105zanym z realizacj\u0105 umowy zawartej z podmiotem okre\u015blonym w pkt. 1, [&hellip;]<\/p>\n","protected":false},"author":4,"featured_media":0,"parent":0,"menu_order":0,"comment_status":"closed","ping_status":"closed","template":"","meta":{"footnotes":""},"class_list":["post-3685","page","type-page","status-publish","hentry"],"_links":{"self":[{"href":"https:\/\/osrodek-hr.com\/ro\/wp-json\/wp\/v2\/pages\/3685","targetHints":{"allow":["GET"]}}],"collection":[{"href":"https:\/\/osrodek-hr.com\/ro\/wp-json\/wp\/v2\/pages"}],"about":[{"href":"https:\/\/osrodek-hr.com\/ro\/wp-json\/wp\/v2\/types\/page"}],"author":[{"embeddable":true,"href":"https:\/\/osrodek-hr.com\/ro\/wp-json\/wp\/v2\/users\/4"}],"replies":[{"embeddable":true,"href":"https:\/\/osrodek-hr.com\/ro\/wp-json\/wp\/v2\/comments?post=3685"}],"version-history":[{"count":0,"href":"https:\/\/osrodek-hr.com\/ro\/wp-json\/wp\/v2\/pages\/3685\/revisions"}],"wp:attachment":[{"href":"https:\/\/osrodek-hr.com\/ro\/wp-json\/wp\/v2\/media?parent=3685"}],"curies":[{"name":"wp","href":"https:\/\/api.w.org\/{rel}","templated":true}]}}