{"id":3685,"date":"2025-09-10T13:10:40","date_gmt":"2025-09-10T11:10:40","guid":{"rendered":"https:\/\/osrodek-hr.com\/?page_id=3685"},"modified":"2025-09-10T14:07:54","modified_gmt":"2025-09-10T12:07:54","slug":"rodo","status":"publish","type":"page","link":"https:\/\/osrodek-hr.com\/en\/rodo\/","title":{"rendered":"RODO"},"content":{"rendered":"<div data-elementor-type=\"wp-page\" data-elementor-id=\"3685\" class=\"elementor elementor-3685\" data-elementor-post-type=\"page\">\n\t\t\t\t\t\t<section class=\"elementor-section elementor-top-section elementor-element elementor-element-23dab17 elementor-section-boxed elementor-section-height-default elementor-section-height-default\" data-id=\"23dab17\" data-element_type=\"section\" data-e-type=\"section\">\n\t\t\t\t\t\t<div class=\"elementor-container elementor-column-gap-default\">\n\t\t\t\t\t<div class=\"elementor-column elementor-col-100 elementor-top-column elementor-element elementor-element-eb050c8\" data-id=\"eb050c8\" data-element_type=\"column\" data-e-type=\"column\">\n\t\t\t<div class=\"elementor-widget-wrap elementor-element-populated\">\n\t\t\t\t\t\t<div class=\"elementor-element elementor-element-40b01da elementor-widget elementor-widget-text-editor\" data-id=\"40b01da\" data-element_type=\"widget\" data-e-type=\"widget\" data-widget_type=\"text-editor.default\">\n\t\t\t\t<div class=\"elementor-widget-container\">\n\t\t\t\t\t\t\t\t\t<p>In accordance with the article 13 paragraph 1 &amp; 2 of RODO\/GDPR I hereby inform you:<\/p><ol><li>O\u015brodek HR i Us\u0142ug Lingwistycznych Ryszard Sobiechowski of ul. Dworcowa 81,\n85-009 Bydgoszcz, Poland (Agent) is the Controller of your personal data.<\/li><li>Controller has not appointed a data protection officer.<\/li><li>Your personal data will processed in relation to the agreement with Agent, your\nrecruitment process and your application for work in Ireland based on the regulations of\nthe Polish civil code and EU laws.<\/li><li>Your future O\u015brodek HR i Us\u0142ug Lingwistycznych Ryszard Sobiechowski employer will be the recipients of your personal data.<\/li><li>Your personal data will not be transferred to a third country or international organisation.<\/li><li>Your personal data will be stored for the duration of implementation of agreement and\nduration of any claims associated with it.<\/li><li>Have the right to access, rectify, add more details to your personal data as well as the right\nto object to processing. In relation to your personal data whose provision is voluntary \u2013\nyou have the right to erase or restrict processing or movement of your data as well as\nwithdraw (in writing) your consent for processing.<\/li><li>Have the right to lodge a complaint with a supervisory authority of Data Protection if you\nfeel that the processing of your data is in breach of GDPR rules or other data protection\nregulations.<\/li><li>The provision of your personal data is a requirement necessary to enter an agreement with\nAgent;<\/li><li style=\"text-align: left;\">Authorized members of Agency have access to your personal data and are authorized to\nact as data processers.<\/li><\/ol>\t\t\t\t\t\t\t\t<\/div>\n\t\t\t\t<\/div>\n\t\t\t\t\t<\/div>\n\t\t<\/div>\n\t\t\t\t\t<\/div>\n\t\t<\/section>\n\t\t\t\t<section class=\"elementor-section elementor-top-section elementor-element elementor-element-4b5f09d elementor-section-boxed elementor-section-height-default elementor-section-height-default\" data-id=\"4b5f09d\" data-element_type=\"section\" data-e-type=\"section\">\n\t\t\t\t\t\t<div class=\"elementor-container elementor-column-gap-default\">\n\t\t\t\t\t<div class=\"elementor-column elementor-col-100 elementor-top-column elementor-element elementor-element-51839f5\" data-id=\"51839f5\" data-element_type=\"column\" data-e-type=\"column\">\n\t\t\t<div class=\"elementor-widget-wrap elementor-element-populated\">\n\t\t\t\t\t\t<div class=\"elementor-element elementor-element-ea8f6dd elementor-widget elementor-widget-text-editor\" data-id=\"ea8f6dd\" data-element_type=\"widget\" data-e-type=\"widget\" data-widget_type=\"text-editor.default\">\n\t\t\t\t<div class=\"elementor-widget-container\">\n\t\t\t\t\t\t\t\t\t<p><span dir=\"auto\" style=\"vertical-align: inherit;\"><span dir=\"auto\" style=\"vertical-align: inherit;\">11. Your personal data will not be processed in any automated way, nor will they be profiled.<\/span><\/span><\/p>\t\t\t\t\t\t\t\t<\/div>\n\t\t\t\t<\/div>\n\t\t\t\t\t<\/div>\n\t\t<\/div>\n\t\t\t\t\t<\/div>\n\t\t<\/section>\n\t\t\t\t<\/div>","protected":false},"excerpt":{"rendered":"<p>Zgodnie z art. 13 ust. 1 i 2 RODO informuj\u0119, i\u017c: Administratorem Pana\/ Pani danych osobowych jest O\u015brodek HR i Us\u0142ug Lingwistycznych Ryszard Sobiechowski ul. Dworcowa 81, 85-009 Bydgoszcz, Polska. Administrator nie wyznaczy\u0142 inspektora ochrony danych. Pana\/ Pani dane osobowe przetwarzane b\u0119d\u0105 w celu zwi\u0105zanym z realizacj\u0105 umowy zawartej z podmiotem okre\u015blonym w pkt. 1, [&hellip;]<\/p>\n","protected":false},"author":4,"featured_media":0,"parent":0,"menu_order":0,"comment_status":"closed","ping_status":"closed","template":"","meta":{"footnotes":""},"class_list":["post-3685","page","type-page","status-publish","hentry"],"_links":{"self":[{"href":"https:\/\/osrodek-hr.com\/en\/wp-json\/wp\/v2\/pages\/3685","targetHints":{"allow":["GET"]}}],"collection":[{"href":"https:\/\/osrodek-hr.com\/en\/wp-json\/wp\/v2\/pages"}],"about":[{"href":"https:\/\/osrodek-hr.com\/en\/wp-json\/wp\/v2\/types\/page"}],"author":[{"embeddable":true,"href":"https:\/\/osrodek-hr.com\/en\/wp-json\/wp\/v2\/users\/4"}],"replies":[{"embeddable":true,"href":"https:\/\/osrodek-hr.com\/en\/wp-json\/wp\/v2\/comments?post=3685"}],"version-history":[{"count":0,"href":"https:\/\/osrodek-hr.com\/en\/wp-json\/wp\/v2\/pages\/3685\/revisions"}],"wp:attachment":[{"href":"https:\/\/osrodek-hr.com\/en\/wp-json\/wp\/v2\/media?parent=3685"}],"curies":[{"name":"wp","href":"https:\/\/api.w.org\/{rel}","templated":true}]}}