{"id":3685,"date":"2025-09-10T13:10:40","date_gmt":"2025-09-10T11:10:40","guid":{"rendered":"https:\/\/osrodek-hr.com\/?page_id=3685"},"modified":"2025-09-10T14:07:54","modified_gmt":"2025-09-10T12:07:54","slug":"rodo","status":"publish","type":"page","link":"https:\/\/osrodek-hr.com\/bg\/rodo\/","title":{"rendered":"RODO"},"content":{"rendered":"<div data-elementor-type=\"wp-page\" data-elementor-id=\"3685\" class=\"elementor elementor-3685\" data-elementor-post-type=\"page\">\n\t\t\t\t\t\t<section class=\"elementor-section elementor-top-section elementor-element elementor-element-23dab17 elementor-section-boxed elementor-section-height-default elementor-section-height-default\" data-id=\"23dab17\" data-element_type=\"section\" data-e-type=\"section\">\n\t\t\t\t\t\t<div class=\"elementor-container elementor-column-gap-default\">\n\t\t\t\t\t<div class=\"elementor-column elementor-col-100 elementor-top-column elementor-element elementor-element-eb050c8\" data-id=\"eb050c8\" data-element_type=\"column\" data-e-type=\"column\">\n\t\t\t<div class=\"elementor-widget-wrap elementor-element-populated\">\n\t\t\t\t\t\t<div class=\"elementor-element elementor-element-40b01da elementor-widget elementor-widget-text-editor\" data-id=\"40b01da\" data-element_type=\"widget\" data-e-type=\"widget\" data-widget_type=\"text-editor.default\">\n\t\t\t\t<div class=\"elementor-widget-container\">\n\t\t\t\t\t\t\t\t\t<p>\u0421\u044a\u0433\u043b\u0430\u0441\u043d\u043e \u0440\u0430\u0437\u043f\u043e\u0440\u0435\u0434\u0431\u0438\u0442\u0435 \u043d\u0430 \u0447\u043b. 13, \u0430\u043b. 1 \u0438 2 \u043e\u0442 \u041e\u0420\u0417\u0414\/GDPR \u0441 \u043d\u0430\u0441\u0442\u043e\u044f\u0449\u043e\u0442\u043e \u0412\u0438 \u0438\u043d\u0444\u043e\u0440\u043c\u0438\u0440\u0430\u043c, \u0447\u0435:<\/p><ol><li>O\u015brodek HR i Us\u0142ug Lingwistycznych Ryszard Sobiechowski, \u0443\u043b. \u201e\u0414\u0432\u043e\u0440\u0446\u043e\u0432\u0430\u201c No 81, 85-009 \u0411\u045d\u0434\u0433\u043e\u0448\u0447,\n\u041f\u043e\u043b\u0448\u0430 (\u0410\u0433\u0435\u043d\u0442) \u0435 \u0410\u0434\u043c\u0438\u043d\u0438\u0441\u0442\u0440\u0430\u0442\u043e\u0440\u044a\u0442 \u043d\u0430 \u0412\u0430\u0448\u0438\u0442\u0435 \u043b\u0438\u0447\u043d\u0438 \u0434\u0430\u043d\u043d\u0438;<\/li><li>\u0410\u0434\u043c\u0438\u043d\u0438\u0441\u0442\u0440\u0430\u0442\u043e\u0440\u044a\u0442 \u043d\u0435 \u0435 \u043d\u0430\u0437\u043d\u0430\u0447\u0438\u043b \u0434\u043b\u044a\u0436\u043d\u043e\u0441\u0442\u043d\u043e \u043b\u0438\u0446\u0435 \u043f\u043e \u0437\u0430\u0449\u0438\u0442\u0430 \u043d\u0430 \u0434\u0430\u043d\u043d\u0438\u0442\u0435;<\/li><li>\u0412\u0430\u0448\u0438\u0442\u0435 \u043b\u0438\u0447\u043d\u0438 \u0434\u0430\u043d\u043d\u0438 \u0449\u0435 \u0431\u044a\u0434\u0430\u0442 \u043e\u0431\u0440\u0430\u0431\u043e\u0442\u0435\u043d\u0438 \u0432\u044a\u0432 \u0432\u0440\u044a\u0437\u043a\u0430 \u0441 \u0434\u043e\u0433\u043e\u0432\u043e\u0440\u0430 \u0441 \u0410\u0433\u0435\u043d\u0442\u0430, \u043f\u0440\u043e\u0446\u0435\u0434\u0443\u0440\u0430\u0442\u0430 \u0437\u0430\n\u043d\u0430\u0431\u0438\u0440\u0430\u043d\u0435\u0442\u043e \u0412\u0438 \u043a\u0430\u0442\u043e \u043a\u0430\u043d\u0434\u0438\u0434\u0430\u0442 \u0437\u0430 \u0440\u0430\u0431\u043e\u0442\u0430 \u0438 \u0412\u0430\u0448\u0435\u0442\u043e \u0437\u0430\u044f\u0432\u043b\u0435\u043d\u0438\u0435 \u0437\u0430 \u0440\u0430\u0431\u043e\u0442\u0430 \u0432 \u0418\u0440\u043b\u0430\u043d\u0434\u0438\u044f \u0441\u044a\u0433\u043b\u0430\u0441\u043d\u043e\n\u0440\u0430\u0437\u043f\u043e\u0440\u0435\u0434\u0431\u0438\u0442\u0435 \u043d\u0430 \u0433\u0440\u0430\u0436\u0434\u0430\u043d\u0441\u043a\u0438\u044f \u043a\u043e\u0434\u0435\u043a\u0441 \u043d\u0430 \u041f\u043e\u043b\u0448\u0430 \u0438 \u0437\u0430\u043a\u043e\u043d\u0438\u0442\u0435 \u043d\u0430 \u0415\u0421;<\/li><li>\u0412\u0430\u0448\u0438\u044f\u0442 \u0431\u044a\u0434\u0435\u0449 O\u015brodek HR i Us\u0142ug Lingwistycznych Ryszard Sobiechowski,  \u0449\u0435 \u0441\u0430 \u043f\u043e\u043b\u0443\u0447\u0430\u0442\u0435\u043b\u0438\u0442\u0435 \u043d\u0430 \u0412\u0430\u0448\u0438\u0442\u0435 \u043b\u0438\u0447\u043d\u0438 \u0434\u0430\u043d\u043d\u0438;<\/li><li>\u0412\u0430\u0448\u0438\u0442\u0435 \u043b\u0438\u0447\u043d\u0438 \u0434\u0430\u043d\u043d\u0438 \u043d\u044f\u043c\u0430 \u0434\u0430 \u0431\u044a\u0434\u0430\u0442 \u043f\u0440\u0435\u0434\u0430\u0434\u0435\u043d\u0438 \u043d\u0430 \u0442\u0440\u0435\u0442\u0430 \u0441\u0442\u0440\u0430\u043d\u0430 \u0438\u043b\u0438 \u043c\u0435\u0436\u0434\u0443\u043d\u0430\u0440\u043e\u0434\u043d\u0430 \u043e\u0440\u0433\u0430\u043d\u0438\u0437\u0430\u0446\u0438\u044f;<\/li><li>\u0412\u0430\u0448\u0438\u0442\u0435 \u043b\u0438\u0447\u043d\u0438 \u0434\u0430\u043d\u043d\u0438 \u0449\u0435 \u0431\u044a\u0434\u0430\u0442 \u0441\u044a\u0445\u0440\u0430\u043d\u044f\u0432\u0430\u043d\u0438 \u043f\u043e \u0432\u0440\u0435\u043c\u0435 \u043d\u0430 \u0441\u0440\u043e\u043a\u0430 \u043d\u0430 \u0438\u0437\u043f\u044a\u043b\u043d\u0435\u043d\u0438\u0435\u0442\u043e \u043d\u0430 \u0434\u043e\u0433\u043e\u0432\u043e\u0440\u0430 \u0438 \u043f\u043e\n\u0432\u0440\u0435\u043c\u0435 \u043d\u0430 \u0432\u0441\u044f\u043a\u0430\u043a\u0432\u0438 \u0438\u0441\u043a\u043e\u0432\u0435, \u0441\u0432\u044a\u0440\u0437\u0430\u043d\u0438 \u0441 \u043d\u0435\u0433\u043e;<\/li><li>\u0412\u0438\u0435 \u0438\u043c\u0430\u0442\u0435 \u043f\u0440\u0430\u0432\u043e\u0442\u043e \u0434\u0430 \u0438\u043c\u0430\u0442\u0435 \u0434\u043e\u0441\u0442\u044a\u043f, \u0434\u0430 \u043f\u043e\u043f\u0440\u0430\u0432\u044f\u0442\u0435 \u0438 \u0434\u0430 \u0434\u043e\u0431\u0430\u0432\u044f\u0442\u0435 \u043f\u043e\u0432\u0435\u0447\u0435 \u0434\u0435\u0442\u0430\u0439\u043b\u0438 \u043a\u044a\u043c \u0412\u0430\u0448\u0438\u0442\u0435 \u043b\u0438\u0447\u043d\u0438\n\u0434\u0430\u043d\u043d\u0438 \u043a\u0430\u043a\u0442\u043e \u0438 \u043f\u0440\u0430\u0432\u043e\u0442\u043e \u0434\u0430 \u0432\u044a\u0437\u0440\u0430\u0437\u0438\u0442\u0435 \u0441\u0440\u0435\u0449\u0443 \u043e\u0431\u0440\u0430\u0431\u043e\u0442\u0432\u0430\u043d\u0435\u0442\u043e \u0438\u043c. \u0429\u043e \u0441\u0435 \u043e\u0442\u043d\u0430\u0441\u044f \u0434\u043e \u0412\u0430\u0448\u0438\u0442\u0435 \u043b\u0438\u0447\u043d\u0438\u0442\u0435\n\u0434\u0430\u043d\u043d\u0438, \u0447\u0438\u0435\u0442\u043e \u043f\u0440\u0435\u0434\u043e\u0441\u0442\u0430\u0432\u044f\u043d\u0435 \u0435 \u0434\u043e\u0431\u0440\u043e\u0432\u043e\u043b\u043d\u043e \u2013 \u0412\u0438\u0435 \u0438\u043c\u0430\u0442\u0435 \u043f\u0440\u0430\u0432\u043e\u0442\u043e \u0434\u0430 \u0438\u0437\u0442\u0440\u0438\u0435\u0442\u0435 \u0438\u043b\u0438 \u0434\u0430 \u043e\u0433\u0440\u0430\u043d\u0438\u0447\u0438\u0442\u0435\n\u043e\u0431\u0440\u0430\u0431\u043e\u0442\u0432\u0430\u043d\u0435\u0442\u043e \u0438\u043b\u0438 \u0434\u0432\u0438\u0436\u0435\u043d\u0438\u0435\u0442\u043e \u043d\u0430 \u0412\u0430\u0448\u0438\u0442\u0435 \u0434\u0430\u043d\u043d\u0438, \u043a\u0430\u043a\u0442\u043e \u0438 \u0434\u0430 \u043e\u0442\u0442\u0435\u0433\u043b\u0438\u0442\u0435 (\u0432 \u043f\u0438\u0441\u043c\u0435\u043d \u0432\u0438\u0434) \u0441\u044a\u0433\u043b\u0430\u0441\u0438\u0435\u0442\u043e \u0441\u0438\n\u0437\u0430 \u043e\u0431\u0440\u0430\u0431\u043e\u0442\u0432\u0430\u043d\u0435\u0442\u043e;<\/li><li>\u0418\u043c\u0430\u0442\u0435 \u043f\u0440\u0430\u0432\u043e\u0442\u043e \u0434\u0430 \u043f\u043e\u0434\u0430\u0434\u0435\u0442\u0435 \u0436\u0430\u043b\u0431\u0430 \u043f\u0440\u0435\u0434 \u043d\u0430\u0434\u0437\u043e\u0440\u0435\u043d \u043e\u0440\u0433\u0430\u043d, \u043e\u0442\u0433\u043e\u0432\u0430\u0440\u044f\u0449 \u0437\u0430 \u0437\u0430\u0449\u0438\u0442\u0430\u0442\u0430 \u043d\u0430 \u0434\u0430\u043d\u043d\u0438\u0442\u0435, \u0430\u043a\u043e\n\u0441\u043c\u044f\u0442\u0430\u0442\u0435, \u0447\u0435 \u043e\u0431\u0440\u0430\u0431\u043e\u0442\u0432\u0430\u043d\u0435\u0442\u043e \u043d\u0430 \u0412\u0430\u0448\u0438\u0442\u0435 \u0434\u0430\u043d\u043d\u0438 \u043d\u0430\u0440\u0443\u0448\u0430\u0432\u0430 \u043f\u0440\u0430\u0432\u0438\u043b\u0430\u0442\u0430 \u043d\u0430 \u041e\u0420\u0417\u0414 \u0438\u043b\u0438 \u0434\u0440\u0443\u0433\u0438 \u0440\u0430\u0437\u043f\u043e\u0440\u0435\u0434\u0431\u0438 \u0437\u0430\n\u0437\u0430\u0449\u0438\u0442\u0430 \u043d\u0430 \u043b\u0438\u0447\u043d\u0438\u0442\u0435 \u0434\u0430\u043d\u043d\u0438;<\/li><li>\u041f\u0440\u0435\u0434\u043e\u0441\u0442\u0430\u0432\u044f\u043d\u0435\u0442\u043e \u043d\u0430 \u0412\u0430\u0448\u0438\u0442\u0435 \u043b\u0438\u0447\u043d\u0438 \u0434\u0430\u043d\u043d\u0438 \u0435 \u043d\u0435\u043e\u0431\u0445\u043e\u0434\u0438\u043c\u043e \u0438\u0437\u0438\u0441\u043a\u0432\u0430\u043d\u0435 \u0437\u0430 \u0441\u043a\u043b\u044e\u0447\u0432\u0430\u043d\u0435\u0442\u043e \u043d\u0430 \u0434\u043e\u0433\u043e\u0432\u043e\u0440 \u0441\n\u0410\u0433\u0435\u043d\u0442\u0430;<\/li><li style=\"text-align: left;\">\u0423\u043f\u044a\u043b\u043d\u043e\u043c\u043e\u0449\u0435\u043d\u0438\u0442\u0435 \u0447\u043b\u0435\u043d\u043e\u0432\u0435 \u043d\u0430 \u0410\u0433\u0435\u043d\u0446\u0438\u044f\u0442\u0430 \u0438\u043c\u0430\u0442 \u0434\u043e\u0441\u0442\u044a\u043f \u0434\u043e \u0412\u0430\u0448\u0438\u0442\u0435 \u043b\u0438\u0447\u043d\u0438 \u0434\u0430\u043d\u043d\u0438 \u0438 \u0441\u0430 \u0443\u043f\u044a\u043b\u043d\u043e\u043c\u043e\u0449\u0435\u043d\u0438 \u0434\u0430\n\u0434\u0435\u0439\u0441\u0442\u0432\u0430\u0442 \u043a\u0430\u0442\u043e \u0430\u0434\u043c\u0438\u043d\u0438\u0441\u0442\u0440\u0430\u0442\u043e\u0440\u0438 \u043d\u0430 \u043b\u0438\u0447\u043d\u0438 \u0434\u0430\u043d\u043d\u0438;<\/li><\/ol>\t\t\t\t\t\t\t\t<\/div>\n\t\t\t\t<\/div>\n\t\t\t\t\t<\/div>\n\t\t<\/div>\n\t\t\t\t\t<\/div>\n\t\t<\/section>\n\t\t\t\t<section class=\"elementor-section elementor-top-section elementor-element elementor-element-4b5f09d elementor-section-boxed elementor-section-height-default elementor-section-height-default\" data-id=\"4b5f09d\" data-element_type=\"section\" data-e-type=\"section\">\n\t\t\t\t\t\t<div class=\"elementor-container elementor-column-gap-default\">\n\t\t\t\t\t<div class=\"elementor-column elementor-col-100 elementor-top-column elementor-element elementor-element-51839f5\" data-id=\"51839f5\" data-element_type=\"column\" data-e-type=\"column\">\n\t\t\t<div class=\"elementor-widget-wrap elementor-element-populated\">\n\t\t\t\t\t\t<div class=\"elementor-element elementor-element-ea8f6dd elementor-widget elementor-widget-text-editor\" data-id=\"ea8f6dd\" data-element_type=\"widget\" data-e-type=\"widget\" data-widget_type=\"text-editor.default\">\n\t\t\t\t<div class=\"elementor-widget-container\">\n\t\t\t\t\t\t\t\t\t<p><span dir=\"auto\" style=\"vertical-align: inherit;\"><span dir=\"auto\" style=\"vertical-align: inherit;\">11. \u0412\u0430\u0448\u0438\u0442\u0435 \u043b\u0438\u0447\u043d\u0438 \u0434\u0430\u043d\u043d\u0438 \u043d\u044f\u043c\u0430 \u0434\u0430 \u0431\u044a\u0434\u0430\u0442 \u043e\u0431\u0440\u0430\u0431\u043e\u0442\u0432\u0430\u043d\u0438 \u043f\u043e \u043d\u0438\u043a\u0430\u043a\u044a\u0432 \u0430\u0432\u0442\u043e\u043c\u0430\u0442\u0438\u0437\u0438\u0440\u0430\u043d \u043d\u0430\u0447\u0438\u043d, \u043d\u0438\u0442\u043e \u0449\u0435 \u0431\u044a\u0434\u0430\u0442\n\u0438\u0437\u043f\u043e\u043b\u0437\u0432\u0430\u043d\u0438 \u0437\u0430 \u043f\u0440\u043e\u0444\u0438\u043b\u0438\u0440\u0430\u043d\u0435.<\/span><\/span><\/p>\t\t\t\t\t\t\t\t<\/div>\n\t\t\t\t<\/div>\n\t\t\t\t\t<\/div>\n\t\t<\/div>\n\t\t\t\t\t<\/div>\n\t\t<\/section>\n\t\t\t\t<\/div>","protected":false},"excerpt":{"rendered":"<p>Zgodnie z art. 13 ust. 1 i 2 RODO informuj\u0119, i\u017c: Administratorem Pana\/ Pani danych osobowych jest O\u015brodek HR i Us\u0142ug Lingwistycznych Ryszard Sobiechowski ul. Dworcowa 81, 85-009 Bydgoszcz, Polska. Administrator nie wyznaczy\u0142 inspektora ochrony danych. Pana\/ Pani dane osobowe przetwarzane b\u0119d\u0105 w celu zwi\u0105zanym z realizacj\u0105 umowy zawartej z podmiotem okre\u015blonym w pkt. 1, [&hellip;]<\/p>\n","protected":false},"author":4,"featured_media":0,"parent":0,"menu_order":0,"comment_status":"closed","ping_status":"closed","template":"","meta":{"footnotes":""},"class_list":["post-3685","page","type-page","status-publish","hentry"],"_links":{"self":[{"href":"https:\/\/osrodek-hr.com\/bg\/wp-json\/wp\/v2\/pages\/3685","targetHints":{"allow":["GET"]}}],"collection":[{"href":"https:\/\/osrodek-hr.com\/bg\/wp-json\/wp\/v2\/pages"}],"about":[{"href":"https:\/\/osrodek-hr.com\/bg\/wp-json\/wp\/v2\/types\/page"}],"author":[{"embeddable":true,"href":"https:\/\/osrodek-hr.com\/bg\/wp-json\/wp\/v2\/users\/4"}],"replies":[{"embeddable":true,"href":"https:\/\/osrodek-hr.com\/bg\/wp-json\/wp\/v2\/comments?post=3685"}],"version-history":[{"count":0,"href":"https:\/\/osrodek-hr.com\/bg\/wp-json\/wp\/v2\/pages\/3685\/revisions"}],"wp:attachment":[{"href":"https:\/\/osrodek-hr.com\/bg\/wp-json\/wp\/v2\/media?parent=3685"}],"curies":[{"name":"wp","href":"https:\/\/api.w.org\/{rel}","templated":true}]}}